{"id":229,"date":"2026-03-08T18:16:16","date_gmt":"2026-03-08T18:16:16","guid":{"rendered":"https:\/\/pergolasrawsky.cibert.net\/?page_id=229"},"modified":"2026-03-08T18:18:58","modified_gmt":"2026-03-08T18:18:58","slug":"declaracion-de-accesibilidad","status":"publish","type":"page","link":"https:\/\/rawsky.es\/?page_id=229","title":{"rendered":"Declaraci\u00f3n de Accesibilidad"},"content":{"rendered":"\t\t<div data-elementor-type=\"wp-page\" data-elementor-id=\"229\" class=\"elementor elementor-229\" data-elementor-post-type=\"page\">\n\t\t\t\t<div class=\"elementor-element elementor-element-b6f26c9 e-flex e-con-boxed wpr-particle-no wpr-jarallax-no wpr-parallax-no wpr-sticky-section-no e-con e-parent\" data-id=\"b6f26c9\" data-element_type=\"container\" data-e-type=\"container\">\n\t\t\t\t\t<div class=\"e-con-inner\">\n\t\t\t\t<div class=\"elementor-element elementor-element-13f7050 elementor-widget elementor-widget-heading\" data-id=\"13f7050\" data-element_type=\"widget\" data-e-type=\"widget\" data-widget_type=\"heading.default\">\n\t\t\t\t\t<h2 class=\"elementor-heading-title elementor-size-default\">Declaraci\u00f3n de Accesibilidad\n<\/h2>\t\t\t\t<\/div>\n\t\t\t\t<div class=\"elementor-element elementor-element-b2fba0b elementor-widget elementor-widget-text-editor\" data-id=\"b2fba0b\" data-element_type=\"widget\" data-e-type=\"widget\" data-widget_type=\"text-editor.default\">\n\t\t\t\t\t\t\t\t\t<p><strong>POL\u00cdTICA DE ACCESIBILIDAD<\/strong><\/p><p>La empresa\u00a0<strong>P\u00c9RGOLAS RAWSKY SL<\/strong><span class=\"\">\u00a0se ha comprometido a hacer accesible su sitio web de conformidad con el Real Decreto 1112\/2018, de 7 de septiembre, sobre accesibilidad de los sitios web y aplicaciones para dispositivos m\u00f3viles del sector p\u00fablico, o desarrollos financiados desde Europa.<\/span><\/p><p>\u00a0<\/p><p><span class=\"\">La presente declaraci\u00f3n de accesibilidad se aplica al sitio web\u00a0<\/span><strong>www.pergolasrawsky.es<\/strong>, excluyendo los contenidos incrustados provenientes de otros dominios.<\/p><p>\u00a0<\/p><p><strong>SITUACI\u00d3N DE CUMPLIMIENTO<\/strong><\/p><p>Este sitio web es Parcialmente Conforme con el RD 1112\/2018 debido a la falta de conformidad de los aspectos que se indican a continuaci\u00f3n.<\/p><p>\u00a0<\/p><p><strong>CONTENIDO NO ACCESIBLE<\/strong><\/p><p>El contenido que se recoge a continuaci\u00f3n no es accesible por los siguientes motivos:<\/p><ul class=\"defaultList bullet\"><li>Falta de conformidad:<\/li><li class=\"ql-indent-1\">Algunas de las p\u00e1ginas no tienen definido su t\u00edtulo correctamente &#8211; Requisito n\u00famero 9.2.4.2 Titulado de p\u00e1ginas de UNE-EN 301549:2022<\/li><li class=\"ql-indent-1\">Pueden existir algunas im\u00e1genes cuya alternativa no est\u00e9 implementada o no sea correcta &#8211; \u2013 Requisito 9.1.1.1 Contenido no textual UNE-EN 301549:2022<\/li><li class=\"ql-indent-1\">Pueden existir encabezados que no sean claros o breves, o que no deber\u00edan ser encabezados \u2013 Requisito n\u00famero 9.2.4.6 Encabezados y etiquetas de UNE-EN 301549:2022<\/li><li class=\"ql-indent-1\">Puede haber campos de formulario donde su etiqueta no sea correcta o no exista \u2013 Requisito n\u00famero 9.2.5.3 Inclusi\u00f3n de la etiqueta en el nombre de UNE-EN 301549:2022 y requisito 9.3.3.2 Etiquetas o instrucciones de UNE-EN 301549:2022<\/li><li class=\"ql-indent-1\">Podr\u00edan existir fallos puntuales de edici\u00f3n en alguna p\u00e1gina web.<\/li><li>Carga desproporcionada: No resulta aplicable.<\/li><li>El contenido no entra dentro del \u00e1mbito de la legislaci\u00f3n aplicable.<\/li><\/ul><p>Podr\u00edan existir archivos ofim\u00e1ticos en PDF u otros formatos publicados antes del 20 de septiembre de 2018 que no cumplan en su totalidad todos los requisitos de accesibilidad.<\/p><p>\u00a0<\/p><p>Puede haber contenidos de terceros que no est\u00e9n desarrollados en esta Unidad, ni bajo su control, como archivos ofim\u00e1ticos de diferentes organismos que deban publicarse en este sitio.<\/p><p>\u00a0<\/p><p><strong>OBSERVACIONES Y DATOS DE CONTACTO<\/strong><\/p><p>Puede realizar comunicaciones sobre requisitos de accesibilidad [art\u00edculo 10.2.a) del RD 1112\/2018] como, por ejemplo:<\/p><ul class=\"defaultList bullet\"><li>Informar sobre cualquier posible incumplimiento por parte de este sitio web.<\/li><li>Transmitir otras dificultades de acceso al contenido.<\/li><li>Formular cualquier otra consulta o sugerencia de mejora relativa a la accesibilidad del sitio web llamando al tel\u00e9fono 976313021.<\/li><\/ul><p>Puede presentar:<\/p><ul class=\"defaultList bullet\"><li>Una queja relativa al cumplimiento de los requisitos del RD 1112\/2018<\/li><li>Una solicitud de informaci\u00f3n accesible relativa a:<\/li><li class=\"ql-indent-1\">Contenidos que est\u00e1n excluidos del \u00e1mbito de aplicaci\u00f3n del RD 1112\/2018 seg\u00fan lo establecido por el art\u00edculo 3, apartado 4.<\/li><li class=\"ql-indent-1\">Contenidos que est\u00e1n exentos del cumplimiento de los requisitos de accesibilidad por imponer una carga desproporcionada.<\/li><\/ul><p>En la solicitud de informaci\u00f3n accesible, se debe concretar, con toda claridad, los hechos, razones y petici\u00f3n que permitan constatar que se trata de una solicitud razonable y leg\u00edtima.<\/p>\t\t\t\t\t\t\t\t<\/div>\n\t\t\t\t\t<\/div>\n\t\t\t\t<\/div>\n\t\t\t\t<\/div>\n\t\t","protected":false},"excerpt":{"rendered":"<p>Declaraci\u00f3n de Accesibilidad POL\u00cdTICA DE ACCESIBILIDAD La empresa\u00a0P\u00c9RGOLAS RAWSKY SL\u00a0se ha comprometido a hacer accesible su sitio web de conformidad con el Real Decreto 1112\/2018, de 7 de septiembre, sobre accesibilidad de los sitios web y aplicaciones para dispositivos m\u00f3viles del sector p\u00fablico, o desarrollos financiados desde Europa. \u00a0 La presente declaraci\u00f3n de accesibilidad se aplica al sitio web\u00a0www.pergolasrawsky.es, excluyendo los contenidos incrustados provenientes de otros dominios. \u00a0 SITUACI\u00d3N DE CUMPLIMIENTO Este sitio web es Parcialmente Conforme con el RD 1112\/2018 debido a la falta de conformidad de los aspectos que se indican a continuaci\u00f3n. \u00a0 CONTENIDO NO ACCESIBLE El contenido que se recoge a continuaci\u00f3n no es accesible por los siguientes motivos: Falta de conformidad: Algunas de las p\u00e1ginas no tienen definido su t\u00edtulo correctamente &#8211; Requisito n\u00famero 9.2.4.2 Titulado de p\u00e1ginas de UNE-EN 301549:2022 Pueden existir algunas im\u00e1genes cuya alternativa no est\u00e9 implementada o no sea correcta &#8211; \u2013 Requisito 9.1.1.1 Contenido no textual UNE-EN 301549:2022 Pueden existir encabezados que no sean claros o breves, o que no deber\u00edan ser encabezados \u2013 Requisito n\u00famero 9.2.4.6 Encabezados y etiquetas de UNE-EN 301549:2022 Puede haber campos de formulario donde su etiqueta no sea correcta o no exista \u2013 Requisito n\u00famero 9.2.5.3 Inclusi\u00f3n de la etiqueta en el nombre de UNE-EN 301549:2022 y requisito 9.3.3.2 Etiquetas o instrucciones de UNE-EN 301549:2022 Podr\u00edan existir fallos puntuales de edici\u00f3n en alguna p\u00e1gina web. Carga desproporcionada: No resulta aplicable. El contenido no entra dentro del \u00e1mbito de la legislaci\u00f3n aplicable. Podr\u00edan existir archivos ofim\u00e1ticos en PDF u otros formatos publicados antes del 20 de septiembre de 2018 que no cumplan en su totalidad todos los requisitos de accesibilidad. \u00a0 Puede haber contenidos de terceros que no est\u00e9n desarrollados en esta Unidad, ni bajo su control, como archivos ofim\u00e1ticos de diferentes organismos que deban publicarse en este sitio. \u00a0 OBSERVACIONES Y DATOS DE CONTACTO Puede realizar comunicaciones sobre requisitos de accesibilidad [art\u00edculo 10.2.a) del RD 1112\/2018] como, por ejemplo: Informar sobre cualquier posible incumplimiento por parte de este sitio web. Transmitir otras dificultades de acceso al contenido. Formular cualquier otra consulta o sugerencia de mejora relativa a la accesibilidad del sitio web llamando al tel\u00e9fono 976313021. Puede presentar: Una queja relativa al cumplimiento de los requisitos del RD 1112\/2018 Una solicitud de informaci\u00f3n accesible relativa a: Contenidos que est\u00e1n excluidos del \u00e1mbito de aplicaci\u00f3n del RD 1112\/2018 seg\u00fan lo establecido por el art\u00edculo 3, apartado 4. Contenidos que est\u00e1n exentos del cumplimiento de los requisitos de accesibilidad por imponer una carga desproporcionada. En la solicitud de informaci\u00f3n accesible, se debe concretar, con toda claridad, los hechos, razones y petici\u00f3n que permitan constatar que se trata de una solicitud razonable y leg\u00edtima.<\/p>\n","protected":false},"author":1,"featured_media":0,"parent":0,"menu_order":0,"comment_status":"closed","ping_status":"closed","template":"","meta":{"site-sidebar-layout":"no-sidebar","site-content-layout":"","ast-site-content-layout":"full-width-container","site-content-style":"default","site-sidebar-style":"default","ast-global-header-display":"","ast-banner-title-visibility":"","ast-main-header-display":"","ast-hfb-above-header-display":"","ast-hfb-below-header-display":"","ast-hfb-mobile-header-display":"","site-post-title":"disabled","ast-breadcrumbs-content":"","ast-featured-img":"disabled","footer-sml-layout":"","ast-disable-related-posts":"","theme-transparent-header-meta":"","adv-header-id-meta":"","stick-header-meta":"","header-above-stick-meta":"","header-main-stick-meta":"","header-below-stick-meta":"","astra-migrate-meta-layouts":"default","ast-page-background-enabled":"default","ast-page-background-meta":{"desktop":{"background-color":"var(--ast-global-color-5)","background-image":"","background-repeat":"repeat","background-position":"center center","background-size":"auto","background-attachment":"scroll","background-type":"","background-media":"","overlay-type":"","overlay-color":"","overlay-opacity":"","overlay-gradient":""},"tablet":{"background-color":"","background-image":"","background-repeat":"repeat","background-position":"center center","background-size":"auto","background-attachment":"scroll","background-type":"","background-media":"","overlay-type":"","overlay-color":"","overlay-opacity":"","overlay-gradient":""},"mobile":{"background-color":"","background-image":"","background-repeat":"repeat","background-position":"center center","background-size":"auto","background-attachment":"scroll","background-type":"","background-media":"","overlay-type":"","overlay-color":"","overlay-opacity":"","overlay-gradient":""}},"ast-content-background-meta":{"desktop":{"background-color":"var(--ast-global-color-4)","background-image":"","background-repeat":"repeat","background-position":"center center","background-size":"auto","background-attachment":"scroll","background-type":"","background-media":"","overlay-type":"","overlay-color":"","overlay-opacity":"","overlay-gradient":""},"tablet":{"background-color":"var(--ast-global-color-4)","background-image":"","background-repeat":"repeat","background-position":"center center","background-size":"auto","background-attachment":"scroll","background-type":"","background-media":"","overlay-type":"","overlay-color":"","overlay-opacity":"","overlay-gradient":""},"mobile":{"background-color":"var(--ast-global-color-4)","background-image":"","background-repeat":"repeat","background-position":"center center","background-size":"auto","background-attachment":"scroll","background-type":"","background-media":"","overlay-type":"","overlay-color":"","overlay-opacity":"","overlay-gradient":""}},"footnotes":""},"class_list":["post-229","page","type-page","status-publish","hentry"],"_links":{"self":[{"href":"https:\/\/rawsky.es\/index.php?rest_route=\/wp\/v2\/pages\/229","targetHints":{"allow":["GET"]}}],"collection":[{"href":"https:\/\/rawsky.es\/index.php?rest_route=\/wp\/v2\/pages"}],"about":[{"href":"https:\/\/rawsky.es\/index.php?rest_route=\/wp\/v2\/types\/page"}],"author":[{"embeddable":true,"href":"https:\/\/rawsky.es\/index.php?rest_route=\/wp\/v2\/users\/1"}],"replies":[{"embeddable":true,"href":"https:\/\/rawsky.es\/index.php?rest_route=%2Fwp%2Fv2%2Fcomments&post=229"}],"version-history":[{"count":4,"href":"https:\/\/rawsky.es\/index.php?rest_route=\/wp\/v2\/pages\/229\/revisions"}],"predecessor-version":[{"id":237,"href":"https:\/\/rawsky.es\/index.php?rest_route=\/wp\/v2\/pages\/229\/revisions\/237"}],"wp:attachment":[{"href":"https:\/\/rawsky.es\/index.php?rest_route=%2Fwp%2Fv2%2Fmedia&parent=229"}],"curies":[{"name":"wp","href":"https:\/\/api.w.org\/{rel}","templated":true}]}}